{"id":1465,"date":"2023-03-14T17:34:34","date_gmt":"2023-03-14T16:34:34","guid":{"rendered":"https:\/\/www.auecamp.de\/?page_id=1465"},"modified":"2025-04-04T14:24:52","modified_gmt":"2025-04-04T12:24:52","slug":"osterfeuer","status":"publish","type":"page","link":"https:\/\/www.auecamp.de\/?page_id=1465","title":{"rendered":"Osterfeuer"},"content":{"rendered":"\n<div style=\"display:flex; justify-content:space-between; max-width:300px;\">\n   <span style=\"padding-right:5px\">Wann ?<\/span>\n   <span>Karsamstag, 19.04 ab 17 Uhr<\/span>\n<\/div>\n<div style=\"display:flex; justify-content:space-between; max-width:320px; margin-bottom:5px;\">\n   <span style=\"padding-right:5px\">Wo ?<\/span>\n   <span>Auf dem Gel\u00e4nde des Auecamps<\/span>\n<\/div>\n<br><br>\n\n\n\n<figure class=\"wp-block-image alignleft size-large\"><img loading=\"lazy\" decoding=\"async\" width=\"1024\" height=\"666\" src=\"https:\/\/www.auecamp.de\/wp-content\/uploads\/2018\/03\/Osterfeuer-2-1024x666.jpg\" alt=\"\" class=\"wp-image-318\" srcset=\"https:\/\/www.auecamp.de\/wp-content\/uploads\/2018\/03\/Osterfeuer-2-1024x666.jpg 1024w, https:\/\/www.auecamp.de\/wp-content\/uploads\/2018\/03\/Osterfeuer-2-300x195.jpg 300w, https:\/\/www.auecamp.de\/wp-content\/uploads\/2018\/03\/Osterfeuer-2-768x499.jpg 768w, https:\/\/www.auecamp.de\/wp-content\/uploads\/2018\/03\/Osterfeuer-2.jpg 1134w\" sizes=\"(max-width: 706px) 89vw, (max-width: 767px) 82vw, 740px\" \/><figcaption class=\"wp-element-caption\">\n\t\t\t\t\t\t<\/figcaption><\/figure>\n\n\n\n<p>Auch in diesem Jahr findet am Karsamstag 19.04.2025 ab 17 Uhr wieder unser Osterfeuer statt. Da wir in diesem Jahr schon sehr sp\u00e4t im Jahr sind, wird das Feuer 20 Uhr entz\u00fcndet. <br><\/p>\n\n\n\n<p>F\u00fcr die Verpflegung am Feuer ist gesorgt :<\/p>\n\n<div style=\"display:flex; justify-content:space-between; max-width:300px; margin: auto\">\n   <span style=\"padding-right:5px\">Bratwurst im Br\u00f6tchen<\/span>\n   <span>3,50 \u20ac<\/span>\n<\/div>\n<div style=\"display:flex; justify-content:space-between; max-width:300px; margin: auto\">\n   <span style=\"padding-right:5px\">Bier, Softdrinks 0.3l<\/span>\n   <span>2.50 \u20ac<\/span>\n<\/div>\n<br><br>\n<p>Die Erl\u00f6se aus dem Verkauf am Feuer werden an den DARC-Camp e.V. gespendet<\/p>\n\n\n\n<p>Au\u00dferdem ist nat\u00fcrlich das Team der <a href=\"https:\/\/www.frittenschmiede.de\">Frittenschmiede <\/a>f\u00fcr euch wieder da. Die K\u00fcche hat zwischen 17 und 21 Uhr ge\u00f6ffnet.<\/p>\n\n\n\n<p>Das Team des Auecamps freut sich auf euch !<\/p>\n","protected":false},"excerpt":{"rendered":"<p>Wann ? Karsamstag, 19.04 ab 17 Uhr Wo ? Auf dem Gel\u00e4nde des Auecamps Auch in diesem Jahr findet am Karsamstag 19.04.2025 ab 17 Uhr wieder unser Osterfeuer statt. Da wir in diesem Jahr schon sehr sp\u00e4t im Jahr sind, wird das Feuer 20 Uhr entz\u00fcndet. F\u00fcr die Verpflegung am Feuer ist gesorgt : Bratwurst &hellip; <\/p>\n<p class=\"link-more\"><a href=\"https:\/\/www.auecamp.de\/?page_id=1465\" class=\"more-link\"><span class=\"screen-reader-text\">\u201eOsterfeuer\u201c<\/span> weiterlesen<\/a><\/p>\n","protected":false},"author":1,"featured_media":0,"parent":0,"menu_order":0,"comment_status":"closed","ping_status":"closed","template":"","meta":{"footnotes":""},"_links":{"self":[{"href":"https:\/\/www.auecamp.de\/index.php?rest_route=\/wp\/v2\/pages\/1465"}],"collection":[{"href":"https:\/\/www.auecamp.de\/index.php?rest_route=\/wp\/v2\/pages"}],"about":[{"href":"https:\/\/www.auecamp.de\/index.php?rest_route=\/wp\/v2\/types\/page"}],"author":[{"embeddable":true,"href":"https:\/\/www.auecamp.de\/index.php?rest_route=\/wp\/v2\/users\/1"}],"replies":[{"embeddable":true,"href":"https:\/\/www.auecamp.de\/index.php?rest_route=%2Fwp%2Fv2%2Fcomments&post=1465"}],"version-history":[{"count":41,"href":"https:\/\/www.auecamp.de\/index.php?rest_route=\/wp\/v2\/pages\/1465\/revisions"}],"predecessor-version":[{"id":1557,"href":"https:\/\/www.auecamp.de\/index.php?rest_route=\/wp\/v2\/pages\/1465\/revisions\/1557"}],"wp:attachment":[{"href":"https:\/\/www.auecamp.de\/index.php?rest_route=%2Fwp%2Fv2%2Fmedia&parent=1465"}],"curies":[{"name":"wp","href":"https:\/\/api.w.org\/{rel}","templated":true}]}}