{"id":68,"date":"2017-07-08T11:11:21","date_gmt":"2017-07-08T11:11:21","guid":{"rendered":"http:\/\/www.auecamp.de\/?page_id=68"},"modified":"2024-12-05T17:21:52","modified_gmt":"2024-12-05T16:21:52","slug":"lageplan-2","status":"publish","type":"page","link":"https:\/\/www.auecamp.de\/?page_id=68","title":{"rendered":"Unser Campingplatz"},"content":{"rendered":"\n<div class=\"wp-block-media-text alignwide is-stacked-on-mobile\"><figure class=\"wp-block-media-text__media\"><img loading=\"lazy\" decoding=\"async\" width=\"1024\" height=\"532\" src=\"https:\/\/www.auecamp.de\/wp-content\/uploads\/2021\/08\/Camping-Aumuehle6-1-1024x532.jpg\" alt=\"\" class=\"wp-image-1248 size-full\" srcset=\"https:\/\/www.auecamp.de\/wp-content\/uploads\/2021\/08\/Camping-Aumuehle6-1-1024x532.jpg 1024w, https:\/\/www.auecamp.de\/wp-content\/uploads\/2021\/08\/Camping-Aumuehle6-1-300x156.jpg 300w, https:\/\/www.auecamp.de\/wp-content\/uploads\/2021\/08\/Camping-Aumuehle6-1-768x399.jpg 768w, https:\/\/www.auecamp.de\/wp-content\/uploads\/2021\/08\/Camping-Aumuehle6-1-1536x798.jpg 1536w, https:\/\/www.auecamp.de\/wp-content\/uploads\/2021\/08\/Camping-Aumuehle6-1-2048x1065.jpg 2048w\" sizes=\"(max-width: 706px) 89vw, (max-width: 767px) 82vw, 740px\" \/><\/figure><div class=\"wp-block-media-text__content\">\n<p>\n\nUnser Platz verf\u00fcgt \u00fcber 64 Parzellen f\u00fcr Dauercamper, 22 Stellpl\u00e4tze f\u00fcr Wohnmobile sowie 2500qm unparzellierte Wiese f\u00fcr Zelte oder Gruppenveranstaltungen. Weitere Parzellen werden im Laufe der n\u00e4chsten Jahre dazukommen.\n\n<\/p>\n<\/div><\/div>\n\n\n\n<div class=\"wp-block-media-text alignwide has-media-on-the-right is-stacked-on-mobile\"><div class=\"wp-block-media-text__content\">\n<p>Jeder Platz ist ausgestattet mit Wasser, Abwasser sowie einem Stromanschluss mit 16A. Auf den Parzellen f\u00fcr Dauercamper besteht die M\u00f6glichkeit, sich an eine zentrale Gasversorgung und Winterwasser anschlie\u00dfen zu lassen.<\/p>\n<\/div><figure class=\"wp-block-media-text__media\"><img loading=\"lazy\" decoding=\"async\" width=\"1024\" height=\"683\" src=\"https:\/\/www.auecamp.de\/wp-content\/uploads\/2021\/08\/Camping-Aumuehle10-1-1024x683.jpg\" alt=\"\" class=\"wp-image-1252 size-full\" srcset=\"https:\/\/www.auecamp.de\/wp-content\/uploads\/2021\/08\/Camping-Aumuehle10-1-1024x683.jpg 1024w, https:\/\/www.auecamp.de\/wp-content\/uploads\/2021\/08\/Camping-Aumuehle10-1-300x200.jpg 300w, https:\/\/www.auecamp.de\/wp-content\/uploads\/2021\/08\/Camping-Aumuehle10-1-768x512.jpg 768w, https:\/\/www.auecamp.de\/wp-content\/uploads\/2021\/08\/Camping-Aumuehle10-1-1536x1024.jpg 1536w, https:\/\/www.auecamp.de\/wp-content\/uploads\/2021\/08\/Camping-Aumuehle10-1-2048x1365.jpg 2048w\" sizes=\"(max-width: 706px) 89vw, (max-width: 767px) 82vw, 740px\" \/><\/figure><\/div>\n\n\n<p>W-Lan ist kostenfrei auf dem gesamten Platz verf\u00fcgbar.<\/p>\n<p>Der Platz ist ganzj\u00e4hrig ge\u00f6ffnet und kann ganzj\u00e4hrig genutzt werden.<\/p>\n\n\n<figure class=\"wp-block-image size-large\"><a href=\"https:\/\/www.auecamp.de\/wp-content\/uploads\/2024\/12\/Belegung-2023-scaled.jpg\"><img loading=\"lazy\" decoding=\"async\" width=\"1024\" height=\"516\" src=\"https:\/\/www.auecamp.de\/wp-content\/uploads\/2024\/12\/Belegung-2023-1024x516.jpg\" alt=\"\" class=\"wp-image-1511\" srcset=\"https:\/\/www.auecamp.de\/wp-content\/uploads\/2024\/12\/Belegung-2023-1024x516.jpg 1024w, https:\/\/www.auecamp.de\/wp-content\/uploads\/2024\/12\/Belegung-2023-300x151.jpg 300w, https:\/\/www.auecamp.de\/wp-content\/uploads\/2024\/12\/Belegung-2023-768x387.jpg 768w, https:\/\/www.auecamp.de\/wp-content\/uploads\/2024\/12\/Belegung-2023-1536x774.jpg 1536w, https:\/\/www.auecamp.de\/wp-content\/uploads\/2024\/12\/Belegung-2023-2048x1031.jpg 2048w\" sizes=\"(max-width: 706px) 89vw, (max-width: 767px) 82vw, 740px\" \/><\/a><\/figure>\n\n\n\n<p>Die Bilder wurden von Eric Noll aufgenommen und nachbearbeitet ! Vielen Dank daf\u00fcr ! <br><br>Erics Homepage : <a href=\"https:\/\/www.imagedude.net\/\">https:\/\/www.imagedude.net\/<\/a><\/p>\n","protected":false},"excerpt":{"rendered":"<p>Unser Platz verf\u00fcgt \u00fcber 64 Parzellen f\u00fcr Dauercamper, 22 Stellpl\u00e4tze f\u00fcr Wohnmobile sowie 2500qm unparzellierte Wiese f\u00fcr Zelte oder Gruppenveranstaltungen. Weitere Parzellen werden im Laufe der n\u00e4chsten Jahre dazukommen. Jeder Platz ist ausgestattet mit Wasser, Abwasser sowie einem Stromanschluss mit 16A. Auf den Parzellen f\u00fcr Dauercamper besteht die M\u00f6glichkeit, sich an eine zentrale Gasversorgung und &hellip; <\/p>\n<p class=\"link-more\"><a href=\"https:\/\/www.auecamp.de\/?page_id=68\" class=\"more-link\"><span class=\"screen-reader-text\">\u201eUnser Campingplatz\u201c<\/span> weiterlesen<\/a><\/p>\n","protected":false},"author":1,"featured_media":0,"parent":0,"menu_order":0,"comment_status":"closed","ping_status":"closed","template":"","meta":{"footnotes":""},"_links":{"self":[{"href":"https:\/\/www.auecamp.de\/index.php?rest_route=\/wp\/v2\/pages\/68"}],"collection":[{"href":"https:\/\/www.auecamp.de\/index.php?rest_route=\/wp\/v2\/pages"}],"about":[{"href":"https:\/\/www.auecamp.de\/index.php?rest_route=\/wp\/v2\/types\/page"}],"author":[{"embeddable":true,"href":"https:\/\/www.auecamp.de\/index.php?rest_route=\/wp\/v2\/users\/1"}],"replies":[{"embeddable":true,"href":"https:\/\/www.auecamp.de\/index.php?rest_route=%2Fwp%2Fv2%2Fcomments&post=68"}],"version-history":[{"count":8,"href":"https:\/\/www.auecamp.de\/index.php?rest_route=\/wp\/v2\/pages\/68\/revisions"}],"predecessor-version":[{"id":1512,"href":"https:\/\/www.auecamp.de\/index.php?rest_route=\/wp\/v2\/pages\/68\/revisions\/1512"}],"wp:attachment":[{"href":"https:\/\/www.auecamp.de\/index.php?rest_route=%2Fwp%2Fv2%2Fmedia&parent=68"}],"curies":[{"name":"wp","href":"https:\/\/api.w.org\/{rel}","templated":true}]}}