{"id":767,"date":"2020-06-15T16:31:58","date_gmt":"2020-06-15T16:31:58","guid":{"rendered":"http:\/\/www.auecamp.de\/?page_id=767"},"modified":"2020-06-15T16:31:58","modified_gmt":"2020-06-15T16:31:58","slug":"archaeologie","status":"publish","type":"page","link":"https:\/\/www.auecamp.de\/?page_id=767","title":{"rendered":"Arch\u00e4ologie"},"content":{"rendered":"\n\t\t\t\t\n<p>In der Wildeshauser Geest gibt es zahlreiche arch\u00e4ologische Fundst\u00e4tten aus der Steinzeit und der Megalitkultur. <\/p>\n\n\n\n<div class=\"wp-block-image\"><figure class=\"aligncenter\"><img loading=\"lazy\" decoding=\"async\" width=\"1006\" height=\"1024\" src=\"https:\/\/www.auecamp.de\/wp-content\/uploads\/2021\/08\/Camping-Aumuehle5-1-1006x1024.jpg\" alt=\"\" class=\"wp-image-1223\" srcset=\"https:\/\/www.auecamp.de\/wp-content\/uploads\/2021\/08\/Camping-Aumuehle5-1-1006x1024.jpg 1006w, https:\/\/www.auecamp.de\/wp-content\/uploads\/2021\/08\/Camping-Aumuehle5-1-295x300.jpg 295w, https:\/\/www.auecamp.de\/wp-content\/uploads\/2021\/08\/Camping-Aumuehle5-1-768x781.jpg 768w, https:\/\/www.auecamp.de\/wp-content\/uploads\/2021\/08\/Camping-Aumuehle5-1-1509x1536.jpg 1509w, https:\/\/www.auecamp.de\/wp-content\/uploads\/2021\/08\/Camping-Aumuehle5-1-2013x2048.jpg 2013w\" sizes=\"(max-width: 706px) 89vw, (max-width: 767px) 82vw, 740px\" \/><\/figure><\/div>\n\n\n\n<p>Die Seite <a href=\"http:\/\/www.steinzeitreise.de\">www.steinzeitreise.de<\/a> hat alle Informationen hierzu  zusammengestellt und mit einer <a href=\"http:\/\/www.steinzeitreise.de\/karte.php\">interaktiven Karte<\/a> verbunden.   <br><br>Fahre mit der Maus die einzelnen Stationen der Erlebnisrouten an und klicke dann, um n\u00e4here Informationen zu dieser Station zu erhalten. <\/p>\n\n\n\n<img loading=\"lazy\" decoding=\"async\" src=\"https:\/\/www.auecamp.de\/wp-content\/uploads\/2020\/06\/karte-archaeologie-3.gif\" width=\"638\" height=\"545\" border=\"1\" usemap=\"#ImageMap1\" alt=\"Karte mit den Routenzielen\" style=\"margin_left: 50px;\" class=\"aligncenter\">\n<map name=\"ImageMap1\">\n<area shape=\"circle\" coords=\"119, 192, 9\" href=\"http:\/\/www.steinzeitreise.de\/931.php\" target=\"_blank\" alt=\"Gro\u00dfstein- und H\u00fcgelgrab bei Huntlosen\">\n<area shape=\"circle\" coords=\"185, 182, 9\" href=\"http:\/\/www.steinzeitreise.de\/steenberg.php\" target=\"_blank\" alt=\"Gro\u00dfsteingrab &quot;Steenberg&quot;\">\n<area shape=\"circle\" coords=\"106, 251, 12\" href=\"http:\/\/www.steinzeitreise.de\/sandfang.php\" target=\"_blank\" alt=\"Sandfang Sager Schweiz\">\n<area shape=\"circle\" coords=\"145, 257, 8\" href=\"http:\/\/www.steinzeitreise.de\/hespenbusch.php\" target=\"_blank\" alt=\"H\u00fcgelgr\u00e4ber bei Hespenbusch\">\n<area shape=\"circle\" coords=\"122, 334, 11\" href=\"http:\/\/www.steinzeitreise.de\/933.php\" target=\"_blank\" alt=\"Gro\u00dfsteingrab bei Ahlhorn\">\n<area shape=\"circle\" coords=\"144, 323, 9\" href=\"http:\/\/www.steinzeitreise.de\/braeutigam.php\" target=\"_blank\" alt=\"Gro\u00dfsteingr\u00e4ber &quot;Visbeker Br\u00e4utigam&quot;\">\n<area shape=\"circle\" coords=\"152, 340, 9\" href=\"http:\/\/www.steinzeitreise.de\/heidenopfertisch.php\" target=\"_blank\" alt=\"Gro\u00dfsteingrab &quot;Heidenopfertisch&quot;\">\n<area shape=\"circle\" coords=\"162, 323, 10\" href=\"http:\/\/www.steinzeitreise.de\/kellersteine.php\" target=\"_blank\" alt=\"Gro\u00dfsteingr\u00e4ber &quot;Ahlhorner Kellersteine&quot;\">\n<area shape=\"circle\" coords=\"203, 325, 10\" href=\"http:\/\/www.steinzeitreise.de\/thoelstedt.php\" target=\"_blank\" alt=\"Gro\u00dfsteingrab &quot;Gro\u00dfe Steine&quot; bei Th\u00f6lstedt\">\n<area shape=\"circle\" coords=\"185, 309, 10\" href=\"http:\/\/www.steinzeitreise.de\/braut.php\" target=\"_blank\" alt=\"Gro\u00dfsteingrab &quot;Visbeker Braut&quot;\">\n<area shape=\"circle\" coords=\"221, 200, 13\" href=\"http:\/\/www.steinzeitreise.de\/schalenstein.php\" target=\"_blank\" alt=\"Schalenstein &quot;Hexenstein&quot;\">\n<area shape=\"circle\" coords=\"207, 232, 10\" href=\"http:\/\/www.steinzeitreise.de\/egypten.php\" target=\"_blank\" alt=\"Gro\u00dfsteingrab Egypten\">\n<area shape=\"circle\" coords=\"227, 245, 11\" href=\"http:\/\/www.steinzeitreise.de\/schiesstand.php\" target=\"_blank\" alt=\"Gro\u00dfsteingrab &quot;Am Schie\u00dfstand&quot;\">\n<area shape=\"circle\" coords=\"243, 250, 7\" href=\"http:\/\/www.steinzeitreise.de\/gerichtsstaette.php\" target=\"_blank\" alt=\"Gro\u00dfsteingrab &quot;Gerichtsstaette&quot;\">\n<area shape=\"circle\" coords=\"212, 266, 8\" href=\"http:\/\/www.steinzeitreise.de\/glan.php\" target=\"_blank\" alt=\"Gro\u00dfsteingr\u00e4ber &quot;Glaner Braut&quot;\">\n<area shape=\"circle\" coords=\"228, 308, 11\" href=\"http:\/\/www.steinzeitreise.de\/hohesteine.php\" target=\"_blank\" alt=\"Gro\u00dfsteingrab &quot;Hohe Steine&quot;\">\n<area shape=\"circle\" coords=\"237, 320, 9\" href=\"http:\/\/www.steinzeitreise.de\/bargloy.php\" target=\"_blank\" alt=\"Bargloyer Steinkiste\">\n<area shape=\"circle\" coords=\"255, 352, 10\" href=\"http:\/\/www.steinzeitreise.de\/kleinenkneten.php\" target=\"_blank\" alt=\"Gro\u00dfsteingr\u00e4ber &quot;Gro\u00dfe Steine&quot; bei Kleinenkneten\">\n<area shape=\"circle\" coords=\"269, 338, 11\" href=\"http:\/\/www.steinzeitreise.de\/pestrup.php\" target=\"_blank\" alt=\"Pestruper Gr\u00e4berfeld\">\n<area shape=\"circle\" coords=\"288, 348, 10\" href=\"http:\/\/www.steinzeitreise.de\/reckum.php\" target=\"_blank\" alt=\"Gro\u00dfsteingr\u00e4ber &quot;Reckumer Steine&quot;\">\n<area shape=\"circle\" coords=\"257, 397, 9\" href=\"http:\/\/www.steinzeitreise.de\/einen.php\" target=\"_blank\" alt=\"H\u00fcgelgr\u00e4ber bei Einen\">\n<area shape=\"circle\" coords=\"287, 391, 11\" href=\"http:\/\/www.steinzeitreise.de\/sonnenstein.php\" target=\"_blank\" alt=\"Sonnenstein bei Beckstedt\">\n<area shape=\"circle\" coords=\"253, 474, 8\" href=\"http:\/\/www.steinzeitreise.de\/arkeburg.php\" target=\"_blank\" alt=\"Arkeburg\">\n<area shape=\"circle\" coords=\"326, 308, 10\" href=\"http:\/\/www.steinzeitreise.de\/wohlde.php\" target=\"_blank\" alt=\"H\u00fcgelgr\u00e4berfeld bei Wohlde\">\n<area shape=\"circle\" coords=\"272, 27, 11\" href=\"http:\/\/www.steinzeitreise.de\/hude.php\" target=\"_blank\" alt=\"Klosterruine Hude\">\n<area shape=\"circle\" coords=\"314, 140, 11\" href=\"http:\/\/www.steinzeitreise.de\/heidenwall.php\" target=\"_blank\" alt=\"Heidenwall bei Delthun\">\n<area shape=\"circle\" coords=\"332, 130, 11\" href=\"http:\/\/www.steinzeitreise.de\/ganderkesee.php\" target=\"_blank\" alt=\"H\u00fcgelgrab Flugplatz Ganderkesee\">\n<area shape=\"circle\" coords=\"353, 92, 12\" href=\"http:\/\/www.steinzeitreise.de\/930.php\" target=\"_blank\" alt=\"Gro\u00dfsteingrab bei Stenum\">\n<area shape=\"circle\" coords=\"374, 294, 9\" href=\"http:\/\/www.steinzeitreise.de\/sonnenstein_2.php\" target=\"_blank\" alt=\"Sonnenstein Harpstedt\">\n<area shape=\"circle\" coords=\"377, 311, 11\" href=\"http:\/\/www.steinzeitreise.de\/burg-harpstedt.php\" target=\"_blank\" alt=\"Niederungsburg bei Harpstedt\">\n<area shape=\"circle\" coords=\"471, 290, 10\" href=\"http:\/\/www.steinzeitreise.de\/stroehen.php\" target=\"_blank\" alt=\"H\u00fcgelgr\u00e4berfeld St\u00fchren\">\n<area shape=\"circle\" coords=\"556, 287, 11\" href=\"http:\/\/www.steinzeitreise.de\/syke.php\" target=\"_blank\" alt=\"Burgwall Syke\">\n<area shape=\"circle\" coords=\"579, 281, 10\" href=\"http:\/\/www.steinzeitreise.de\/syke-stadt.php\" target=\"_blank\" alt=\"H\u00fcgegr\u00e4ber im Friedeholz\">\n<area shape=\"circle\" coords=\"276, 112, 21\" href=\"http:\/\/www.steinzeitreise.de\/huenensteine.php\" target=\"_blank\" alt=\"Gro\u00dfsteingr\u00e4ber &quot;H\u00fcnensteine&quot;\">\n<area shape=\"circle\" coords=\"181, 326, 9\" href=\"http:\/\/www.steinzeitreise.de\/schmeersteine.php\" target=\"_blank\" alt=\"Gro\u00dfsteingrab &quot;Schmeersteine&quot;\">\n<area shape=\"circle\" coords=\"443, 452, 14\" href=\"http:\/\/www.steinzeitreise.de\/huenenburg.php\" target=\"_blank\" alt=\"H\u00fcnenburg bei Twistringen\">\n<area shape=\"circle\" coords=\"245, 22, 9\" href=\"http:\/\/www.steinzeitreise.de\/bohlenweg.php\" target=\"_blank\" alt=\"Bohlenweg-Rekonstruktion im Witte Moor\">\n<area shape=\"circle\" coords=\"117, 269, 11\" href=\"http:\/\/www.steinzeitreise.de\/932.php\" target=\"_blank\" alt=\"Gro\u00dfsteingrab beim Biohof Bakenhus\">\n<\/map>\n\t\t","protected":false},"excerpt":{"rendered":"<p>In der Wildeshauser Geest gibt es zahlreiche arch\u00e4ologische Fundst\u00e4tten aus der Steinzeit und der Megalitkultur. Die Seite www.steinzeitreise.de hat alle Informationen hierzu zusammengestellt und mit einer interaktiven Karte verbunden. Fahre mit der Maus die einzelnen Stationen der Erlebnisrouten an und klicke dann, um n\u00e4here Informationen zu dieser Station zu erhalten.<\/p>\n","protected":false},"author":1,"featured_media":0,"parent":0,"menu_order":0,"comment_status":"closed","ping_status":"closed","template":"","meta":{"footnotes":""},"_links":{"self":[{"href":"https:\/\/www.auecamp.de\/index.php?rest_route=\/wp\/v2\/pages\/767"}],"collection":[{"href":"https:\/\/www.auecamp.de\/index.php?rest_route=\/wp\/v2\/pages"}],"about":[{"href":"https:\/\/www.auecamp.de\/index.php?rest_route=\/wp\/v2\/types\/page"}],"author":[{"embeddable":true,"href":"https:\/\/www.auecamp.de\/index.php?rest_route=\/wp\/v2\/users\/1"}],"replies":[{"embeddable":true,"href":"https:\/\/www.auecamp.de\/index.php?rest_route=%2Fwp%2Fv2%2Fcomments&post=767"}],"version-history":[{"count":0,"href":"https:\/\/www.auecamp.de\/index.php?rest_route=\/wp\/v2\/pages\/767\/revisions"}],"wp:attachment":[{"href":"https:\/\/www.auecamp.de\/index.php?rest_route=%2Fwp%2Fv2%2Fmedia&parent=767"}],"curies":[{"name":"wp","href":"https:\/\/api.w.org\/{rel}","templated":true}]}}