{"id":788,"date":"2020-06-16T14:24:29","date_gmt":"2020-06-16T14:24:29","guid":{"rendered":"http:\/\/www.auecamp.de\/?page_id=788"},"modified":"2020-06-16T14:24:29","modified_gmt":"2020-06-16T14:24:29","slug":"fahrrad-fahren","status":"publish","type":"page","link":"https:\/\/www.auecamp.de\/?page_id=788","title":{"rendered":"Fahrrad fahren"},"content":{"rendered":"\n\t\t\t\t\n<p> <br>Eine au\u00dfergew\u00f6hnliche Landschaft, kulturelle Vielfalt und ein \u00fcber 1200 km gro\u00dfes und gut ausgeschildertes Radwegenetz erwartet euch  im Naturpark Wildeshauser Geest. Mit seiner von der Eiszeit gepr\u00e4gten, leicht welligen Landschaft eignet sich diese Gegend besonders gut zum Radwandern. Lasst die Seele baumeln und macht euch auf eine spannende Entdeckungsreise quer durch die regionalen Sehensw\u00fcrdigkeiten und die Lebensart des Naturparks Wildeshauser Geest! <\/p>\n\n\n\n<p><strong>Tourenvorschl\u00e4ge : <\/strong><br><br>20 sch\u00f6ne Tourenvorschl\u00e4ge rund um Wildeshausen gibt es z.B. auf der Seite von <a rel=\"noreferrer noopener\" aria-label=\"komoot.de (\u00f6ffnet in neuem Tab)\" href=\"https:\/\/www.komoot.de\/guide\/69498\/radtouren-rund-um-wildeshausen\" target=\"_blank\">komoot.de<\/a>. <\/p>\n\n\n\n<p><strong>Radeln nach Zahlen :<\/strong><br><br>Seit dem Mai 2020 k\u00f6nnt ihr  eigenen Radtouren auf dem Knotenpunktsystem planen. Nach niederl\u00e4ndischen und belgischem Vorbild, ist diese Form der Wegweisung l\u00e4ngst auch in Deutschland angekommen und erfreut sich bereits in vielen Regionen gro\u00dfer Beliebtheit bei Radtouristen.  <br><br><a rel=\"noreferrer noopener\" aria-label=\"Karte in neuem Tab \u00f6ffnen (\u00f6ffnet in neuem Tab)\" href=\"https:\/\/www.fietsknoop.nl\/landkreisoldenburg\/deutsch\" target=\"_blank\">Karte in neuem Tab \u00f6ffnen <\/a>  (Achtung : geht am Besten auf einem PC oder Tablet)<\/p>\n\n\n\n<p>Das Auecamp liegt unmittelbar in der N\u00e4he des Knotenpunkts 34.<\/p>\n\n\n\n<div style=\"margin-left: -18px; width: 750px; height: 1280px;\"><iframe loading=\"lazy\" src=\"https:\/\/www.fietsknoop.nl\/landkreisoldenburg\/deutsch\" frameborder=\"0\" width=\"710px\" height=\"100%\"><\/iframe><\/div>\n\t\t","protected":false},"excerpt":{"rendered":"<p>Eine au\u00dfergew\u00f6hnliche Landschaft, kulturelle Vielfalt und ein \u00fcber 1200 km gro\u00dfes und gut ausgeschildertes Radwegenetz erwartet euch im Naturpark Wildeshauser Geest. Mit seiner von der Eiszeit gepr\u00e4gten, leicht welligen Landschaft eignet sich diese Gegend besonders gut zum Radwandern. Lasst die Seele baumeln und macht euch auf eine spannende Entdeckungsreise quer durch die regionalen Sehensw\u00fcrdigkeiten und &hellip; <\/p>\n<p class=\"link-more\"><a href=\"https:\/\/www.auecamp.de\/?page_id=788\" class=\"more-link\"><span class=\"screen-reader-text\">\u201eFahrrad fahren\u201c<\/span> weiterlesen<\/a><\/p>\n","protected":false},"author":1,"featured_media":0,"parent":0,"menu_order":0,"comment_status":"closed","ping_status":"closed","template":"","meta":{"footnotes":""},"_links":{"self":[{"href":"https:\/\/www.auecamp.de\/index.php?rest_route=\/wp\/v2\/pages\/788"}],"collection":[{"href":"https:\/\/www.auecamp.de\/index.php?rest_route=\/wp\/v2\/pages"}],"about":[{"href":"https:\/\/www.auecamp.de\/index.php?rest_route=\/wp\/v2\/types\/page"}],"author":[{"embeddable":true,"href":"https:\/\/www.auecamp.de\/index.php?rest_route=\/wp\/v2\/users\/1"}],"replies":[{"embeddable":true,"href":"https:\/\/www.auecamp.de\/index.php?rest_route=%2Fwp%2Fv2%2Fcomments&post=788"}],"version-history":[{"count":0,"href":"https:\/\/www.auecamp.de\/index.php?rest_route=\/wp\/v2\/pages\/788\/revisions"}],"wp:attachment":[{"href":"https:\/\/www.auecamp.de\/index.php?rest_route=%2Fwp%2Fv2%2Fmedia&parent=788"}],"curies":[{"name":"wp","href":"https:\/\/api.w.org\/{rel}","templated":true}]}}