{"id":846,"date":"2020-06-19T11:48:07","date_gmt":"2020-06-19T11:48:07","guid":{"rendered":"http:\/\/www.auecamp.de\/?page_id=846"},"modified":"2020-06-19T11:48:07","modified_gmt":"2020-06-19T11:48:07","slug":"freizeitangebote-tagestouren","status":"publish","type":"page","link":"https:\/\/www.auecamp.de\/?page_id=846","title":{"rendered":"Tagestouren"},"content":{"rendered":"\n\t\t\t\t\n<p>Durch seine zentrale Lage und die Autobahnn\u00e4he bietet sich unser Platz ideal an um die St\u00e4dte und Sehensw\u00fcrdigkeiten in der Umgebung zu erkunden<\/p>\n\n\n\n<p><strong>Tagestouren nach Bremerhaven<\/strong><\/p>\n\n\n\n\n<table id=\"tablepress-22\" class=\"tablepress tablepress-id-22\">\n<thead>\n<tr class=\"row-1 odd\">\n\t<th class=\"column-1\">Titel \/ Homepage<\/th><th class=\"column-2\">Kategorie<\/th><th class=\"column-3\">Entfernung \/ Route<\/th>\n<\/tr>\n<\/thead>\n<tbody class=\"row-hover\">\n<tr class=\"row-2 even\">\n\t<td class=\"column-1\"><a href=\"https:\/\/www.dsm.museum\/ausstellung\/ausstellungen\/360-polarstern\/\" rel=\"noopener\" target=\"_blank\">Deutsches Schiffahrtsmuseum<\/a><\/td><td class=\"column-2\">Forschungsmuseum<\/td><td class=\"column-3\"><a href=\"https:\/\/goo.gl\/maps\/gVP1HSWHGMQT5PB27\" rel=\"noopener\" target=\"_blank\">Google Maps<\/a><\/td>\n<\/tr>\n<tr class=\"row-3 odd\">\n\t<td class=\"column-1\">Hafenbus Bremerhaven<\/td><td class=\"column-2\">Busrundfahrt<\/td><td class=\"column-3\"><a href=\"https:\/\/goo.gl\/maps\/gVP1HSWHGMQT5PB27\" rel=\"noopener\" target=\"_blank\">Google Maps<\/a><br \/>\n(Zustieg am Schiffahrtsmuseum)<\/td>\n<\/tr>\n<tr class=\"row-4 even\">\n\t<td class=\"column-1\"><a href=\"https:\/\/zoo-am-meer-bremerhaven.de\/\">Zoo am Meer<\/a><\/td><td class=\"column-2\">Aquarium <\/td><td class=\"column-3\"><a href=\"https:\/\/goo.gl\/maps\/9f59TCGfXiF4Hg177\">Google Maps<\/a><\/td>\n<\/tr>\n<tr class=\"row-5 odd\">\n\t<td class=\"column-1\"><a href=\"https:\/\/www.klimahaus-bremerhaven.de\/\">Klimahaus Bremerhaven<\/a><\/td><td class=\"column-2\">Neun Orte<br \/>\nF\u00fcnf Kontinente<br \/>\nEin Planet<\/td><td class=\"column-3\"><a href=\"https:\/\/goo.gl\/maps\/SqyYQytgCy1LCz2V9\">Google Maps<\/a><\/td>\n<\/tr>\n<tr class=\"row-6 even\">\n\t<td class=\"column-1\"><a href=\"https:\/\/dah-bremerhaven.de\/\">Deutsches Auswandererhaus<\/a><\/td><td class=\"column-2\">Museum<\/td><td class=\"column-3\"><a href=\"https:\/\/goo.gl\/maps\/XePnxvpy4h7Q6var7\">Google Maps<\/a><\/td>\n<\/tr>\n<tr class=\"row-7 odd\">\n\t<td class=\"column-1\"><a href=\"https:\/\/www.historisches-museum-bremerhaven.de\/\" rel=\"noopener\" target=\"_blank\">Historisches Museum<\/a><\/td><td class=\"column-2\">Museum<\/td><td class=\"column-3\"><a href=\"https:\/\/goo.gl\/maps\/pSrNvUapc42WUGKz6\" rel=\"noopener\" target=\"_blank\">Google Maps<\/a><\/td>\n<\/tr>\n<\/tbody>\n<\/table>\n<!-- #tablepress-22 from cache -->\n\n\n\n<p>Weitere Infos : Homepage der <a href=\"https:\/\/www.bremerhaven.de\/\">Tourist Info Bremerhaven<\/a><\/p>\n\n\n\n<p><strong>Freizeitparks in der N\u00e4he<\/strong><\/p>\n\n\n\n\n<table id=\"tablepress-21\" class=\"tablepress tablepress-id-21\">\n<thead>\n<tr class=\"row-1 odd\">\n\t<th class=\"column-1\">Titel \/ Homepage<\/th><th class=\"column-2\">Kategorie<\/th><th class=\"column-3\">Entfernung \/ Route<\/th>\n<\/tr>\n<\/thead>\n<tbody class=\"row-hover\">\n<tr class=\"row-2 even\">\n\t<td class=\"column-1\"><a href=\"http:\/\/tier-freizeitpark.de\/\" rel=\"noopener\" target=\"_blank\">Tier- und Freizeitpark Th\u00fcle<\/a><\/td><td class=\"column-2\">Freizeitpark<\/td><td class=\"column-3\">37 km <a href=\"https:\/\/goo.gl\/maps\/7Ut8jS3GzFS6bLL9A\" rel=\"noopener\" target=\"_blank\">Google Maps<\/a><\/td>\n<\/tr>\n<tr class=\"row-3 odd\">\n\t<td class=\"column-1\"><a href=\"https:\/\/www.jaderpark.de\/\" rel=\"noopener\" target=\"_blank\">Jaderpark<\/a><\/td><td class=\"column-2\">Freizeitpark<\/td><td class=\"column-3\">71 km <a href=\"https:\/\/goo.gl\/maps\/Zhs53314soBTXC4S6\" rel=\"noopener\" target=\"_blank\">Google Maps<\/a><\/td>\n<\/tr>\n<tr class=\"row-4 even\">\n\t<td class=\"column-1\"><a href=\"https:\/\/www.heide-park.de\/\" rel=\"noopener\" target=\"_blank\">Heidepark Ressort<\/a><\/td><td class=\"column-2\">Freizeitpark<\/td><td class=\"column-3\">146 km <a href=\"https:\/\/goo.gl\/maps\/hysa5aWzssoGKoELA\" rel=\"noopener\" target=\"_blank\">Google Maps<\/a><\/td>\n<\/tr>\n<\/tbody>\n<\/table>\n<!-- #tablepress-21 from cache -->\n\t\t","protected":false},"excerpt":{"rendered":"<p>Durch seine zentrale Lage und die Autobahnn\u00e4he bietet sich unser Platz ideal an um die St\u00e4dte und Sehensw\u00fcrdigkeiten in der Umgebung zu erkunden Tagestouren nach Bremerhaven Weitere Infos : Homepage der Tourist Info Bremerhaven Freizeitparks in der N\u00e4he<\/p>\n","protected":false},"author":1,"featured_media":0,"parent":0,"menu_order":0,"comment_status":"closed","ping_status":"closed","template":"","meta":{"footnotes":""},"_links":{"self":[{"href":"https:\/\/www.auecamp.de\/index.php?rest_route=\/wp\/v2\/pages\/846"}],"collection":[{"href":"https:\/\/www.auecamp.de\/index.php?rest_route=\/wp\/v2\/pages"}],"about":[{"href":"https:\/\/www.auecamp.de\/index.php?rest_route=\/wp\/v2\/types\/page"}],"author":[{"embeddable":true,"href":"https:\/\/www.auecamp.de\/index.php?rest_route=\/wp\/v2\/users\/1"}],"replies":[{"embeddable":true,"href":"https:\/\/www.auecamp.de\/index.php?rest_route=%2Fwp%2Fv2%2Fcomments&post=846"}],"version-history":[{"count":0,"href":"https:\/\/www.auecamp.de\/index.php?rest_route=\/wp\/v2\/pages\/846\/revisions"}],"wp:attachment":[{"href":"https:\/\/www.auecamp.de\/index.php?rest_route=%2Fwp%2Fv2%2Fmedia&parent=846"}],"curies":[{"name":"wp","href":"https:\/\/api.w.org\/{rel}","templated":true}]}}