{"id":99,"date":"2017-07-08T12:32:00","date_gmt":"2017-07-08T12:32:00","guid":{"rendered":"http:\/\/www.auecamp.de\/?page_id=99"},"modified":"2017-07-08T12:32:00","modified_gmt":"2017-07-08T12:32:00","slug":"kreatives","status":"publish","type":"page","link":"https:\/\/www.auecamp.de\/?page_id=99","title":{"rendered":"Kreatives"},"content":{"rendered":"\n\t\t\t\t<p>Camping f\u00fcr Kreative ist der Untertitel unserer Seite.<\/p>\n<p>Neben dem &#8222;normalen&#8220; Camping m\u00f6chten wir vor allem kreativen K\u00f6pfen eine Plattform bieten ihre Projekte umzusetzen. Unser Ziel ist es, dass wir voneinander lernen und Kindern, Jugendlichen und Erwachsenen Wissen jenseits von Handy und Fernseher vermitteln.<\/p>\n<p>Auf dem Platz gibt es eine 180 m\u00b2 gro\u00dfe Halle, in der wir eine Werkstatt eingerichtet haben und die von sachkundigen G\u00e4sten mit benutzt werden kann.<\/p>\n<p>Eine gro\u00dfe Zielgruppe sind die Funkamateure. <a href=\"http:\/\/www.darccamp.de\">Der DARC-Camp e.V.<\/a> k\u00fcmmert sich um alle Belange dieser Gruppe auf dem Platz. Technische Experimente rund um die drahtlose Nachrichten\u00fcbertragung sorgen f\u00fcr spannende Abwechslung.<\/p>\n<p>Unser Platz bietet vor allem auch Platz f\u00fcr anspruchsvolle Projekte. Zur Zeit entsteht ein als Wohnanh\u00e4nger zugelassenes Tiny-House auf unserem Platz und ein Wohnmobil in einem ehemaligen Sattelauflieger.<\/p>\n<p>Unsere Werkstatt bietet auf \u00fcber 100m\u00b2 viel Raum f\u00fcr kreative Ideen. Sie steht sachkundigen G\u00e4sten f\u00fcr ihre Projekte zur Verf\u00fcgung.<\/p>\n\n\n<p>In der Elektronikwerkstatt stehen diverse L\u00f6t- und Messger\u00e4te zur Verf\u00fcgung, F\u00fcr Arbeiten mit SMD Bauteilen steht ein Mikroskop zur Verf\u00fcgung. <\/p>\n\n\n\n<figure class=\"wp-block-image\"><img loading=\"lazy\" decoding=\"async\" width=\"1024\" height=\"768\" src=\"https:\/\/www.auecamp.de\/wp-content\/uploads\/2018\/07\/IMG_20180728_125225-2-1024x768.jpg\" alt=\"Elektronikwerkstatt\" class=\"wp-image-440\" srcset=\"https:\/\/www.auecamp.de\/wp-content\/uploads\/2018\/07\/IMG_20180728_125225-2-1024x768.jpg 1024w, https:\/\/www.auecamp.de\/wp-content\/uploads\/2018\/07\/IMG_20180728_125225-2-300x225.jpg 300w, https:\/\/www.auecamp.de\/wp-content\/uploads\/2018\/07\/IMG_20180728_125225-2-768x576.jpg 768w, https:\/\/www.auecamp.de\/wp-content\/uploads\/2018\/07\/IMG_20180728_125225-2-1536x1152.jpg 1536w, https:\/\/www.auecamp.de\/wp-content\/uploads\/2018\/07\/IMG_20180728_125225-2-2048x1536.jpg 2048w\" sizes=\"(max-width: 706px) 89vw, (max-width: 767px) 82vw, 740px\" \/><figcaption>Elektronikwerkstatt<\/figcaption><\/figure>\n\n\n\n<figure class=\"wp-block-image\"><img loading=\"lazy\" decoding=\"async\" width=\"1024\" height=\"768\" src=\"https:\/\/www.auecamp.de\/wp-content\/uploads\/2018\/07\/IMG_20180728_125708-2-1024x768.jpg\" alt=\"Elektronikwerkstatt\" class=\"wp-image-439\" srcset=\"https:\/\/www.auecamp.de\/wp-content\/uploads\/2018\/07\/IMG_20180728_125708-2-1024x768.jpg 1024w, https:\/\/www.auecamp.de\/wp-content\/uploads\/2018\/07\/IMG_20180728_125708-2-300x225.jpg 300w, https:\/\/www.auecamp.de\/wp-content\/uploads\/2018\/07\/IMG_20180728_125708-2-768x576.jpg 768w, https:\/\/www.auecamp.de\/wp-content\/uploads\/2018\/07\/IMG_20180728_125708-2-1536x1152.jpg 1536w, https:\/\/www.auecamp.de\/wp-content\/uploads\/2018\/07\/IMG_20180728_125708-2-2048x1536.jpg 2048w\" sizes=\"(max-width: 706px) 89vw, (max-width: 767px) 82vw, 740px\" \/><figcaption>Elektronikwerkstatt<\/figcaption><\/figure>\n\n\n\n<p>Direkt nebenan befindet sich unsere mechanische Werkstatt. Drehbank, Fr\u00e4se, Formats\u00e4ge, diverse Schwei\u00dfger\u00e4te, Plasmaschneider usw. geben viel Raum f\u00fcr kreative Ideen<\/p>\n\n\n\n<figure class=\"wp-block-image\"><img loading=\"lazy\" decoding=\"async\" width=\"1024\" height=\"768\" src=\"https:\/\/www.auecamp.de\/wp-content\/uploads\/2018\/07\/IMG_20180202_132829-2-1024x768.jpg\" alt=\"Mechanische Werkstatt\" class=\"wp-image-394\" srcset=\"https:\/\/www.auecamp.de\/wp-content\/uploads\/2018\/07\/IMG_20180202_132829-2-1024x768.jpg 1024w, https:\/\/www.auecamp.de\/wp-content\/uploads\/2018\/07\/IMG_20180202_132829-2-300x225.jpg 300w, https:\/\/www.auecamp.de\/wp-content\/uploads\/2018\/07\/IMG_20180202_132829-2-768x576.jpg 768w, https:\/\/www.auecamp.de\/wp-content\/uploads\/2018\/07\/IMG_20180202_132829-2-1536x1152.jpg 1536w, https:\/\/www.auecamp.de\/wp-content\/uploads\/2018\/07\/IMG_20180202_132829-2-2048x1536.jpg 2048w\" sizes=\"(max-width: 706px) 89vw, (max-width: 767px) 82vw, 740px\" \/><figcaption>Mechanische Werkstatt<\/figcaption><\/figure>\n\n\n\n<figure class=\"wp-block-image\"><img loading=\"lazy\" decoding=\"async\" width=\"1024\" height=\"768\" src=\"https:\/\/www.auecamp.de\/wp-content\/uploads\/2018\/07\/IMG_20180202_132815-2-1024x768.jpg\" alt=\"Mechanische Werkstatt\" class=\"wp-image-393\" srcset=\"https:\/\/www.auecamp.de\/wp-content\/uploads\/2018\/07\/IMG_20180202_132815-2-1024x768.jpg 1024w, https:\/\/www.auecamp.de\/wp-content\/uploads\/2018\/07\/IMG_20180202_132815-2-300x225.jpg 300w, https:\/\/www.auecamp.de\/wp-content\/uploads\/2018\/07\/IMG_20180202_132815-2-768x576.jpg 768w, https:\/\/www.auecamp.de\/wp-content\/uploads\/2018\/07\/IMG_20180202_132815-2-1536x1152.jpg 1536w, https:\/\/www.auecamp.de\/wp-content\/uploads\/2018\/07\/IMG_20180202_132815-2-2048x1536.jpg 2048w\" sizes=\"(max-width: 706px) 89vw, (max-width: 767px) 82vw, 740px\" \/><figcaption>Mechanische Werkstatt<\/figcaption><\/figure>\n\t\t","protected":false},"excerpt":{"rendered":"<p>Camping f\u00fcr Kreative ist der Untertitel unserer Seite. Neben dem &#8222;normalen&#8220; Camping m\u00f6chten wir vor allem kreativen K\u00f6pfen eine Plattform bieten ihre Projekte umzusetzen. Unser Ziel ist es, dass wir voneinander lernen und Kindern, Jugendlichen und Erwachsenen Wissen jenseits von Handy und Fernseher vermitteln. Auf dem Platz gibt es eine 180 m\u00b2 gro\u00dfe Halle, in &hellip; <\/p>\n<p class=\"link-more\"><a href=\"https:\/\/www.auecamp.de\/?page_id=99\" class=\"more-link\"><span class=\"screen-reader-text\">\u201eKreatives\u201c<\/span> weiterlesen<\/a><\/p>\n","protected":false},"author":1,"featured_media":0,"parent":0,"menu_order":0,"comment_status":"closed","ping_status":"closed","template":"","meta":{"footnotes":""},"_links":{"self":[{"href":"https:\/\/www.auecamp.de\/index.php?rest_route=\/wp\/v2\/pages\/99"}],"collection":[{"href":"https:\/\/www.auecamp.de\/index.php?rest_route=\/wp\/v2\/pages"}],"about":[{"href":"https:\/\/www.auecamp.de\/index.php?rest_route=\/wp\/v2\/types\/page"}],"author":[{"embeddable":true,"href":"https:\/\/www.auecamp.de\/index.php?rest_route=\/wp\/v2\/users\/1"}],"replies":[{"embeddable":true,"href":"https:\/\/www.auecamp.de\/index.php?rest_route=%2Fwp%2Fv2%2Fcomments&post=99"}],"version-history":[{"count":0,"href":"https:\/\/www.auecamp.de\/index.php?rest_route=\/wp\/v2\/pages\/99\/revisions"}],"wp:attachment":[{"href":"https:\/\/www.auecamp.de\/index.php?rest_route=%2Fwp%2Fv2%2Fmedia&parent=99"}],"curies":[{"name":"wp","href":"https:\/\/api.w.org\/{rel}","templated":true}]}}